{"id":36,"date":"2024-10-03T14:52:20","date_gmt":"2024-10-03T17:52:20","guid":{"rendered":"https:\/\/novorumopesquisas.com.br\/site\/mesmerize\/"},"modified":"2024-10-07T18:09:11","modified_gmt":"2024-10-07T21:09:11","slug":"mesmerize","status":"publish","type":"page","link":"https:\/\/novorumopesquisas.com.br\/site\/","title":{"rendered":"Front Page"},"content":{"rendered":"<div  id=\"features-3\" style=\"background-color: #ffffff;\" data-label=\"Features\" data-id=\"features-12-card-bordered\" data-export-id=\"features-12-card-bordered\" data-category=\"features\" class=\"features-12-card-bordered content-section content-section-spacing \"><div  class=\"gridContainer\"> <div  class=\"row text-center\"><div  class=\"section-title-col\" data-type=\"column\"> <h2  class=\"\">Tipos de Pesquisa<\/h2> <p  class=\"lead\">A pesquisa se encontra atualmente entre os instrumentos mais modernos, eficazes e confi\u00e1veis de obten\u00e7\u00e3o de informa\u00e7\u00e3o. Sua utiliza\u00e7\u00e3o cresce cada vez mais pois possibilita uma economia na aplica\u00e7\u00e3o de recursos humanos e financeiros, assim como uma melhor adequa\u00e7\u00e3o entre os objetivos da empresa e os meios utilizados para atingi-los.<\/p><\/div> <\/div> <div  class=\"row spaced-cols\" data-type=\"row\"> <div  class=\"col-sm-6\"> <div  class=\"card row-card bordered y-move\"> <div  class=\"row\"> <div  class=\"col-sm-fit icon-column\"> <i  class=\"fa icon color2 fa-group bordered round\"><\/i> <\/div> <div  class=\"col-sm\" data-type=\"column\"> <h5  class=\"color2\">QUALITATIVA<\/h5> <p  class=\"\">\u00c9 uma metodologia que visa explicar o \u201cporqu\u00ea\u201d de resultados de pesquisas. Com menos \u00eanfase em estat\u00edsticas e dados estruturados, ela proporciona uma interpreta\u00e7\u00e3o aprofundada de comportamentos humanos, motiva\u00e7\u00f5es e emo\u00e7\u00f5es por meio de informa\u00e7\u00f5es textuais.<br >Os m\u00e9todos de pesquisa qualitativa normalmente envolvem observa\u00e7\u00e3o direta, como entrevistas ou grupos focais. Esse tipo de pesquisa de mercado \u00e9 normalmente realizado em cen\u00e1rios naturais, ou seja, a equipe de pesquisa estuda os objetos como s\u00e3o, sem experimentos e grupos de controle.<\/p><\/div> <\/div><\/div> <\/div> <div  class=\"col-sm-6\"> <div  class=\"card row-card bordered y-move\"> <div  class=\"row\"> <div  class=\"col-sm-fit icon-column\"> <i  class=\"fa icon color2 fa-weixin bordered round\"><\/i> <\/div> <div  class=\"col-sm\" data-type=\"column\"> <h5  class=\"color2\">QUANTITATIVA<\/h5> <p  class=\"\">\n<br ><br >\u00c9 uma metodologia que forma a base para tirar conclus\u00f5es gerais da pesquisa e prever resultados. Esse m\u00e9todo visa a coleta de dados num\u00e9ricos que podem ser usados para medir vari\u00e1veis. Os dados quantitativos obtidos s\u00e3o estat\u00edsticos e estruturados para apresentar resultados conclusivos objetivos baseados na coleta de dados analisados de forma sistem\u00e1tica.\n<\/p><\/div> <\/div><\/div> <\/div> <div  class=\"col-sm-6\"> <div  class=\"card row-card bordered y-move\"> <div  class=\"row\"> <div  class=\"col-sm-fit icon-column\"> <i  class=\"fa icon color2 fa-mobile bordered round\"><\/i> <\/div> <div  class=\"col-sm\" data-type=\"column\"> <h5  class=\"color2\">ONLINE<\/h5> <p  class=\"\">A pesquisa online \u00e9 um m\u00e9todo de investiga\u00e7\u00e3o que envolve a coleta de informa\u00e7\u00f5es com o aux\u00edlio da internet. Al\u00e9m disso, com o advento da internet as t\u00e9cnicas tradicionais de pesquisa com papel e caneta sofreram grande impacto.<br >Em primeiro lugar, \u00e9 preciso saber que a pesquisa online \u00e9 mais impactante do que os meios tradicionais. Acima de tudo, considerar a facilidade de acesso e a economia de custos que elas oferecem. Primordialmente por conta das taxas de respostas recebidas nas pesquisas online, que s\u00e3o superiores \u00e0s demais. E tamb\u00e9m pelos recursos como o de prote\u00e7\u00e3o do entrevistado, com sua identidade preservada.<\/p><\/div> <\/div><\/div> <\/div> <div  class=\"col-sm-6\"> <div  class=\"card row-card bordered y-move\"> <div  class=\"row\"> <div  class=\"col-sm-fit icon-column\"> <i  class=\"fa icon color2 fa-user-secret bordered round\"><\/i> <\/div> <div  class=\"col-sm\" data-type=\"column\"> <h5  class=\"color2\">CLIENTE OCULTO<\/h5> <p  class=\"\">\n<br >M\u00e9todo objetivo de verifica\u00e7\u00e3o dos padr\u00f5es de atendimento por meio de visitas e experi\u00eancias dos pesquisadores em v\u00e1rias \u00e1reas e departamentos que se organizam para o atendimento ao p\u00fablico e\/ou consumidor.<br ><br >Pode ser \u00fatil para empresas de varejo, institui\u00e7\u00f5es financeiras, lojas em geral, sindicatos, associa\u00e7\u00f5es de representa\u00e7\u00e3o de classe, institui\u00e7\u00f5es de ensino, \u00f3rg\u00e3os p\u00fablicos etc.\n<\/p><\/div> <\/div><\/div> <\/div><\/div> <\/div><\/div><div  data-label=\"About\" data-id=\"about--1\" data-export-id=\"about-4\" data-category=\"about\" class=\"about-4 content-section content-section-spacing\" id=\"about-1\" style=\"background-color: rgb(245, 250, 253);\"><div  class=\"gridContainer\"> <div  class=\"row middle-sm text-center\"><div  class=\"col-sm-5 space-bottom-xs\" data-type=\"column\">  <h2  class=\"\">NRQuest<\/h2> <p  class=\"\">\u00c9 uma ferramenta de pesquisa online, repleta de insights interessantes. Aten\u00e7\u00e3o estudantes, profissionais e empresas! Crie uma pesquisa e garanta os melhores insights.\n<br >Fa\u00e7a uma cota\u00e7\u00e3o gratuita agora!O<\/p> <a class=\"button color1\" href=\"https:\/\/quest.novorumopesquisas.com.br\" target=\"_self\" data-cp-link=\"1\" rel=\"noopener\">Modelos<\/a><\/div> <div  class=\"col-sm-7 flexbox center-xs middle-xs image-group-2-img\"> <img  decoding=\"async\" class=\"img-1 shadow-large\" data-size=\"250x200\" src=\"https:\/\/novorumopesquisas.com.br\/site\/wp-content\/uploads\/2024\/10\/feature-1.jpg\" title=\"feature-1\" alt=\"\"> <img  decoding=\"async\" class=\"img-2 shadow-large\" data-size=\"220x170\" src=\"https:\/\/novorumopesquisas.com.br\/site\/wp-content\/uploads\/2024\/10\/free-survey-tool-limesurvey.png\" title=\"free-survey-tool-limesurvey\" alt=\"\"><\/div> <\/div><\/div> <\/div><div  id=\"contact-1\" data-label=\"Contact\" data-id=\"contact-1\" data-export-id=\"contact-1\" data-category=\"contact\" class=\"contact-1 content-section content-section-spacing white-text\" data-parallax-depth=\"20\" style=\"background-size: cover; background-position: center top; background-image: url(&quot;https:\/\/novorumopesquisas.com.br\/site\/wp-content\/uploads\/2024\/10\/003.jpeg&quot;);\"><div  class=\"gridContainer\"> <div  class=\"row text-center\"><div  class=\"section-title-col\" data-type=\"column\"> <h2  class=\"\">Contato<\/h2> <\/div> <\/div> <div  class=\"row text-center\"> <div  class=\"col-xs-12 col-sm-8 col-sm-offset-2 contact-form-wrapper inline-info\"> <div  class=\"card large-padding\"> <div  class=\"\" data-content-shortcode=\"mesmerize_contact_form shortcode=&quot;contact-form-7 id=&amp;amp;quot;a630a25&amp;amp;quot; title=&amp;amp;quot;Contact form 1&amp;amp;quot;&quot;\" data-editable=\"true\">\n<div class=\"wpcf7 no-js\" id=\"wpcf7-f5-o1\" lang=\"pt-PT\" dir=\"ltr\" data-wpcf7-id=\"5\">\n<div class=\"screen-reader-response\"><p role=\"status\" aria-live=\"polite\" aria-atomic=\"true\"><\/p> <ul><\/ul><\/div>\n<form action=\"\/site\/wp-json\/wp\/v2\/pages\/36#wpcf7-f5-o1\" method=\"post\" class=\"wpcf7-form init\" aria-label=\"Formul\u00e1rio de contacto\" novalidate=\"novalidate\" data-status=\"init\">\n<fieldset class=\"hidden-fields-container\"><input type=\"hidden\" name=\"_wpcf7\" value=\"5\" \/><input type=\"hidden\" name=\"_wpcf7_version\" value=\"6.1.5\" \/><input type=\"hidden\" name=\"_wpcf7_locale\" value=\"pt_PT\" \/><input type=\"hidden\" name=\"_wpcf7_unit_tag\" value=\"wpcf7-f5-o1\" \/><input type=\"hidden\" name=\"_wpcf7_container_post\" value=\"0\" \/><input type=\"hidden\" name=\"_wpcf7_posted_data_hash\" value=\"\" \/>\n<\/fieldset>\n<p><label> Nome:<br \/>\n<span class=\"wpcf7-form-control-wrap\" data-name=\"your-name\"><input size=\"40\" maxlength=\"400\" class=\"wpcf7-form-control wpcf7-text wpcf7-validates-as-required\" autocomplete=\"name\" aria-required=\"true\" aria-invalid=\"false\" value=\"\" type=\"text\" name=\"your-name\" \/><\/span> <\/label>\n<\/p>\n<p><label> Email:<br \/>\n<span class=\"wpcf7-form-control-wrap\" data-name=\"your-email\"><input size=\"40\" maxlength=\"400\" class=\"wpcf7-form-control wpcf7-email wpcf7-validates-as-required wpcf7-text wpcf7-validates-as-email\" autocomplete=\"email\" aria-required=\"true\" aria-invalid=\"false\" value=\"\" type=\"email\" name=\"your-email\" \/><\/span> <\/label>\n<\/p>\n<p><label> Assunto:<br \/>\n<span class=\"wpcf7-form-control-wrap\" data-name=\"your-subject\"><input size=\"40\" maxlength=\"400\" class=\"wpcf7-form-control wpcf7-text wpcf7-validates-as-required\" aria-required=\"true\" aria-invalid=\"false\" value=\"\" type=\"text\" name=\"your-subject\" \/><\/span> <\/label>\n<\/p>\n<p><label> Sua Menssagem:<br \/>\n<span class=\"wpcf7-form-control-wrap\" data-name=\"your-message\"><textarea cols=\"40\" rows=\"10\" maxlength=\"2000\" class=\"wpcf7-form-control wpcf7-textarea\" aria-invalid=\"false\" name=\"your-message\"><\/textarea><\/span> <\/label>\n<\/p>\n<p><input class=\"wpcf7-form-control wpcf7-submit has-spinner\" type=\"submit\" value=\"Enviar\" \/>\n<\/p><p style=\"display: none !important;\" class=\"akismet-fields-container\" data-prefix=\"_wpcf7_ak_\"><label>&#916;<textarea name=\"_wpcf7_ak_hp_textarea\" cols=\"45\" rows=\"8\" maxlength=\"100\"><\/textarea><\/label><input type=\"hidden\" id=\"ak_js_1\" name=\"_wpcf7_ak_js\" value=\"229\"\/><script>document.getElementById( \"ak_js_1\" ).setAttribute( \"value\", ( new Date() ).getTime() );<\/script><\/p><div class=\"wpcf7-response-output\" aria-hidden=\"true\"><\/div>\n<\/form>\n<\/div>\n<\/div><\/div> <\/div><\/div> <\/div><\/div><div  data-label=\"Clients\" data-id=\"clients--1\" data-export-id=\"clients-4\" data-category=\"clients\" class=\"clients-4 content-section content-section-spacing-small\" id=\"clients-1\" style=\"background-color: rgb(245, 250, 253);\"><div  class=\"\"> <div  class=\"row\"><div  data-type=\"column\" class=\"section-title-col\"> <h2  class=\"font-700\">Nossos Clientes<\/h2> <\/div> <\/div> <div  data-type=\"row\" class=\"row spaced-cols middle-xs center-xs space-bottom padding-lr\"> <div  class=\"col-xs-6 col-sm-2\"> <img  decoding=\"async\" src=\"https:\/\/novorumopesquisas.com.br\/site\/wp-content\/uploads\/2024\/10\/empresa-amiga.jpg\" class=\"\" title=\"empresa amiga\" alt=\"\"><\/div> <div  class=\"col-xs-6 col-sm-2\"> <img  decoding=\"async\" src=\"https:\/\/novorumopesquisas.com.br\/site\/wp-content\/uploads\/2024\/10\/ipsos.png\" class=\"\" title=\"ipsos\" alt=\"\"><\/div> <div  class=\"col-xs-6 col-sm-2\"> <img  decoding=\"async\" src=\"https:\/\/novorumopesquisas.com.br\/site\/wp-content\/uploads\/2024\/10\/IBOPE2.jpg\" class=\"\" title=\"IBOPE Intelig\u00eancia\" alt=\"\"><\/div> <div  class=\"col-xs-6 col-sm-2\"> <img  decoding=\"async\" src=\"https:\/\/novorumopesquisas.com.br\/site\/wp-content\/uploads\/2024\/10\/vox.jpg\" class=\"\" title=\"vox\" alt=\"\"><\/div> <div  class=\"col-xs-6 col-sm-2\"> <img  decoding=\"async\" src=\"https:\/\/novorumopesquisas.com.br\/site\/wp-content\/uploads\/2024\/10\/marca_w_brasil.png\" class=\"\" title=\"marca_w_brasil\" alt=\"\"><\/div> <div  class=\"col-xs-6 col-sm-2\"> <a  data-cp-link=\"1\" href=\"#\" class=\"\"><img  decoding=\"async\" src=\"https:\/\/novorumopesquisas.com.br\/site\/wp-content\/uploads\/2024\/10\/cropped-asbpm.jpg\" class=\"\" title=\"cropped-asbpm.jpg\" alt=\"\"><\/a><\/div> <\/div><\/div> <\/div>","protected":false},"excerpt":{"rendered":"<p>Tipos de Pesquisa A pesquisa se encontra atualmente entre os instrumentos mais modernos, eficazes e confi\u00e1veis de obten\u00e7\u00e3o de informa\u00e7\u00e3o. Sua utiliza\u00e7\u00e3o cresce cada vez mais pois possibilita uma economia na aplica\u00e7\u00e3o de recursos humanos e financeiros, assim como uma melhor adequa\u00e7\u00e3o entre os objetivos da empresa e os meios utilizados para atingi-los. QUALITATIVA \u00c9&hellip; <br \/> <a class=\"read-more\" href=\"https:\/\/novorumopesquisas.com.br\/site\/\">Read more<\/a><\/p>\n","protected":false},"author":1,"featured_media":0,"parent":0,"menu_order":0,"comment_status":"closed","ping_status":"closed","template":"page-templates\/homepage.php","meta":{"nf_dc_page":"","footnotes":""},"class_list":["post-36","page","type-page","status-publish","hentry"],"_links":{"self":[{"href":"https:\/\/novorumopesquisas.com.br\/site\/wp-json\/wp\/v2\/pages\/36","targetHints":{"allow":["GET"]}}],"collection":[{"href":"https:\/\/novorumopesquisas.com.br\/site\/wp-json\/wp\/v2\/pages"}],"about":[{"href":"https:\/\/novorumopesquisas.com.br\/site\/wp-json\/wp\/v2\/types\/page"}],"author":[{"embeddable":true,"href":"https:\/\/novorumopesquisas.com.br\/site\/wp-json\/wp\/v2\/users\/1"}],"replies":[{"embeddable":true,"href":"https:\/\/novorumopesquisas.com.br\/site\/wp-json\/wp\/v2\/comments?post=36"}],"version-history":[{"count":5,"href":"https:\/\/novorumopesquisas.com.br\/site\/wp-json\/wp\/v2\/pages\/36\/revisions"}],"predecessor-version":[{"id":128,"href":"https:\/\/novorumopesquisas.com.br\/site\/wp-json\/wp\/v2\/pages\/36\/revisions\/128"}],"wp:attachment":[{"href":"https:\/\/novorumopesquisas.com.br\/site\/wp-json\/wp\/v2\/media?parent=36"}],"curies":[{"name":"wp","href":"https:\/\/api.w.org\/{rel}","templated":true}]}}